{"id":247,"date":"2018-03-24T03:30:15","date_gmt":"2018-03-24T03:30:15","guid":{"rendered":"https:\/\/effur.com\/?page_id=247"},"modified":"2025-03-30T18:52:09","modified_gmt":"2025-03-30T18:52:09","slug":"ficha_tecnica_mango","status":"publish","type":"page","link":"https:\/\/effur.com\/en\/ficha_tecnica_mango\/","title":{"rendered":"FICHA_TECNICA_MANGO"},"content":{"rendered":"<div data-elementor-type=\"wp-page\" data-elementor-id=\"247\" class=\"elementor elementor-247\" data-elementor-post-type=\"page\">\n\t\t\t\t\t\t<section class=\"elementor-section elementor-top-section elementor-element elementor-element-18bb6959 elementor-section-full_width elementor-section-height-default elementor-section-height-default\" data-id=\"18bb6959\" data-element_type=\"section\" data-e-type=\"section\" data-settings=\"{&quot;background_background&quot;:&quot;classic&quot;}\">\n\t\t\t\t\t\t<div class=\"elementor-container elementor-column-gap-default\">\n\t\t\t\t\t<div class=\"elementor-column elementor-col-100 elementor-top-column elementor-element elementor-element-3b1e6e57\" data-id=\"3b1e6e57\" data-element_type=\"column\" data-e-type=\"column\">\n\t\t\t<div class=\"elementor-widget-wrap elementor-element-populated\">\n\t\t\t\t\t\t<div class=\"elementor-element elementor-element-335d767e elementor-invisible elementor-widget elementor-widget-image\" data-id=\"335d767e\" data-element_type=\"widget\" data-e-type=\"widget\" data-settings=\"{&quot;_animation&quot;:&quot;bounceIn&quot;}\" data-widget_type=\"image.default\">\n\t\t\t\t<div class=\"elementor-widget-container\">\n\t\t\t\t\t\t\t\t\t\t\t\t\t\t\t\t<a href=\"https:\/\/effur.com\/en\/\">\n\t\t\t\t\t\t\t<img fetchpriority=\"high\" decoding=\"async\" width=\"300\" height=\"267\" src=\"https:\/\/effur.com\/wp-content\/uploads\/2025\/03\/nuevo-logo-effur-300x267.png\" class=\"attachment-medium size-medium wp-image-677\" alt=\"\" srcset=\"https:\/\/effur.com\/wp-content\/uploads\/2025\/03\/nuevo-logo-effur-300x267.png 300w, https:\/\/effur.com\/wp-content\/uploads\/2025\/03\/nuevo-logo-effur-768x682.png 768w, https:\/\/effur.com\/wp-content\/uploads\/2025\/03\/nuevo-logo-effur-14x12.png 14w, https:\/\/effur.com\/wp-content\/uploads\/2025\/03\/nuevo-logo-effur.png 861w\" sizes=\"(max-width: 300px) 100vw, 300px\" \/>\t\t\t\t\t\t\t\t<\/a>\n\t\t\t\t\t\t\t\t\t\t\t\t\t\t\t<\/div>\n\t\t\t\t<\/div>\n\t\t\t\t<div class=\"elementor-element elementor-element-1667a032 elementor-invisible elementor-widget elementor-widget-heading\" data-id=\"1667a032\" data-element_type=\"widget\" data-e-type=\"widget\" data-settings=\"{&quot;_animation&quot;:&quot;bounceIn&quot;}\" data-widget_type=\"heading.default\">\n\t\t\t\t<div class=\"elementor-widget-container\">\n\t\t\t\t\t<h2 class=\"elementor-heading-title elementor-size-large\"><a href=\"https:\/\/effur.com\/en\/\">Marketing and importing company DGL DE URAB\u00c1 S.A.S<\/a><\/h2>\t\t\t\t<\/div>\n\t\t\t\t<\/div>\n\t\t\t\t\t<\/div>\n\t\t<\/div>\n\t\t\t\t\t<\/div>\n\t\t<\/section>\n\t\t\t\t<section class=\"elementor-section elementor-top-section elementor-element elementor-element-603a1b1c elementor-section-boxed elementor-section-height-default elementor-section-height-default\" data-id=\"603a1b1c\" data-element_type=\"section\" data-e-type=\"section\">\n\t\t\t\t\t\t<div class=\"elementor-container elementor-column-gap-default\">\n\t\t\t\t\t<div class=\"elementor-column elementor-col-100 elementor-top-column elementor-element elementor-element-3dfb6dc8\" data-id=\"3dfb6dc8\" data-element_type=\"column\" data-e-type=\"column\">\n\t\t\t<div class=\"elementor-widget-wrap elementor-element-populated\">\n\t\t\t\t\t\t<div class=\"elementor-element elementor-element-505869f elementor-nav-menu__align-justify elementor-nav-menu--dropdown-tablet elementor-nav-menu__text-align-aside elementor-nav-menu--toggle elementor-nav-menu--burger elementor-widget elementor-widget-nav-menu\" data-id=\"505869f\" data-element_type=\"widget\" data-e-type=\"widget\" data-settings=\"{&quot;layout&quot;:&quot;horizontal&quot;,&quot;submenu_icon&quot;:{&quot;value&quot;:&quot;&lt;i class=\\&quot;fas fa-caret-down\\&quot;&gt;&lt;\\\/i&gt;&quot;,&quot;library&quot;:&quot;fa-solid&quot;},&quot;toggle&quot;:&quot;burger&quot;}\" data-widget_type=\"nav-menu.default\">\n\t\t\t\t<div class=\"elementor-widget-container\">\n\t\t\t\t\t\t\t\t<nav aria-label=\"Menu\" class=\"elementor-nav-menu--main elementor-nav-menu__container elementor-nav-menu--layout-horizontal e--pointer-underline e--animation-fade\">\n\t\t\t\t<ul id=\"menu-1-505869f\" class=\"elementor-nav-menu\"><li class=\"menu-item menu-item-type-post_type menu-item-object-page menu-item-home menu-item-32\"><a href=\"https:\/\/effur.com\/en\/\" class=\"elementor-item\">M.I. EFFUR S.A.S - HOME<\/a><\/li>\n<li class=\"menu-item menu-item-type-post_type menu-item-object-page menu-item-31\"><a href=\"https:\/\/effur.com\/en\/quienes-somos\/\" class=\"elementor-item\">ABOUT US<\/a><\/li>\n<li class=\"menu-item menu-item-type-post_type menu-item-object-page menu-item-30\"><a href=\"https:\/\/effur.com\/en\/nuestro-producto\/\" class=\"elementor-item\">PRODUCT<\/a><\/li>\n<li class=\"menu-item menu-item-type-post_type menu-item-object-page menu-item-29\"><a href=\"https:\/\/effur.com\/en\/servicio\/\" class=\"elementor-item\">SERVICE<\/a><\/li>\n<li class=\"menu-item menu-item-type-post_type menu-item-object-page menu-item-28\"><a href=\"https:\/\/effur.com\/en\/contacto\/\" class=\"elementor-item\">CONTACT<\/a><\/li>\n<\/ul>\t\t\t<\/nav>\n\t\t\t\t\t<div class=\"elementor-menu-toggle\" role=\"button\" tabindex=\"0\" aria-label=\"Menu Toggle\" aria-expanded=\"false\">\n\t\t\t<i aria-hidden=\"true\" role=\"presentation\" class=\"elementor-menu-toggle__icon--open eicon-menu-bar\"><\/i><i aria-hidden=\"true\" role=\"presentation\" class=\"elementor-menu-toggle__icon--close eicon-close\"><\/i>\t\t<\/div>\n\t\t\t\t\t<nav class=\"elementor-nav-menu--dropdown elementor-nav-menu__container\" aria-hidden=\"true\">\n\t\t\t\t<ul id=\"menu-2-505869f\" class=\"elementor-nav-menu\"><li class=\"menu-item menu-item-type-post_type menu-item-object-page menu-item-home menu-item-32\"><a href=\"https:\/\/effur.com\/en\/\" class=\"elementor-item\" tabindex=\"-1\">M.I. EFFUR S.A.S - HOME<\/a><\/li>\n<li class=\"menu-item menu-item-type-post_type menu-item-object-page menu-item-31\"><a href=\"https:\/\/effur.com\/en\/quienes-somos\/\" class=\"elementor-item\" tabindex=\"-1\">ABOUT US<\/a><\/li>\n<li class=\"menu-item menu-item-type-post_type menu-item-object-page menu-item-30\"><a href=\"https:\/\/effur.com\/en\/nuestro-producto\/\" class=\"elementor-item\" tabindex=\"-1\">PRODUCT<\/a><\/li>\n<li class=\"menu-item menu-item-type-post_type menu-item-object-page menu-item-29\"><a href=\"https:\/\/effur.com\/en\/servicio\/\" class=\"elementor-item\" tabindex=\"-1\">SERVICE<\/a><\/li>\n<li class=\"menu-item menu-item-type-post_type menu-item-object-page menu-item-28\"><a href=\"https:\/\/effur.com\/en\/contacto\/\" class=\"elementor-item\" tabindex=\"-1\">CONTACT<\/a><\/li>\n<\/ul>\t\t\t<\/nav>\n\t\t\t\t\t\t<\/div>\n\t\t\t\t<\/div>\n\t\t\t\t\t<\/div>\n\t\t<\/div>\n\t\t\t\t\t<\/div>\n\t\t<\/section>\n\t\t\t\t<section class=\"elementor-section elementor-top-section elementor-element elementor-element-9be0dd5 elementor-section-boxed elementor-section-height-default elementor-section-height-default\" data-id=\"9be0dd5\" data-element_type=\"section\" data-e-type=\"section\">\n\t\t\t\t\t\t<div class=\"elementor-container elementor-column-gap-default\">\n\t\t\t\t\t<div class=\"elementor-column elementor-col-100 elementor-top-column elementor-element elementor-element-24e7f0c\" data-id=\"24e7f0c\" data-element_type=\"column\" data-e-type=\"column\">\n\t\t\t<div class=\"elementor-widget-wrap elementor-element-populated\">\n\t\t\t\t\t\t<div class=\"elementor-element elementor-element-10b94a0 elementor-widget elementor-widget-image\" data-id=\"10b94a0\" data-element_type=\"widget\" data-e-type=\"widget\" data-widget_type=\"image.default\">\n\t\t\t\t<div class=\"elementor-widget-container\">\n\t\t\t\t\t\t\t\t\t\t\t\t\t\t\t<img decoding=\"async\" width=\"2453\" height=\"379\" src=\"https:\/\/effur.com\/wp-content\/uploads\/2025\/03\/ENCABEZADO-FICHA-TECNICA.png\" class=\"attachment-full size-full wp-image-741\" alt=\"\" srcset=\"https:\/\/effur.com\/wp-content\/uploads\/2025\/03\/ENCABEZADO-FICHA-TECNICA.png 2453w, https:\/\/effur.com\/wp-content\/uploads\/2025\/03\/ENCABEZADO-FICHA-TECNICA-300x46.png 300w, https:\/\/effur.com\/wp-content\/uploads\/2025\/03\/ENCABEZADO-FICHA-TECNICA-1024x158.png 1024w, https:\/\/effur.com\/wp-content\/uploads\/2025\/03\/ENCABEZADO-FICHA-TECNICA-768x119.png 768w, https:\/\/effur.com\/wp-content\/uploads\/2025\/03\/ENCABEZADO-FICHA-TECNICA-1536x237.png 1536w, https:\/\/effur.com\/wp-content\/uploads\/2025\/03\/ENCABEZADO-FICHA-TECNICA-2048x316.png 2048w, https:\/\/effur.com\/wp-content\/uploads\/2025\/03\/ENCABEZADO-FICHA-TECNICA-18x3.png 18w\" sizes=\"(max-width: 2453px) 100vw, 2453px\" \/>\t\t\t\t\t\t\t\t\t\t\t\t\t\t\t<\/div>\n\t\t\t\t<\/div>\n\t\t\t\t\t<\/div>\n\t\t<\/div>\n\t\t\t\t\t<\/div>\n\t\t<\/section>\n\t\t\t\t<section class=\"elementor-section elementor-top-section elementor-element elementor-element-d034c18 elementor-section-boxed elementor-section-height-default elementor-section-height-default\" data-id=\"d034c18\" data-element_type=\"section\" data-e-type=\"section\">\n\t\t\t\t\t\t<div class=\"elementor-container elementor-column-gap-default\">\n\t\t\t\t\t<div class=\"elementor-column elementor-col-100 elementor-top-column elementor-element elementor-element-2a71ea3\" data-id=\"2a71ea3\" data-element_type=\"column\" data-e-type=\"column\">\n\t\t\t<div class=\"elementor-widget-wrap elementor-element-populated\">\n\t\t\t\t\t\t<div class=\"elementor-element elementor-element-e244748 elementor-widget elementor-widget-image\" data-id=\"e244748\" data-element_type=\"widget\" data-e-type=\"widget\" data-widget_type=\"image.default\">\n\t\t\t\t<div class=\"elementor-widget-container\">\n\t\t\t\t\t\t\t\t\t\t\t\t\t\t\t<img decoding=\"async\" width=\"2430\" height=\"2316\" src=\"https:\/\/effur.com\/wp-content\/uploads\/2018\/03\/FICHA-TECNICA-DEL-MANGO-e1590889246620.png\" class=\"attachment-full size-full wp-image-249\" alt=\"\" srcset=\"https:\/\/effur.com\/wp-content\/uploads\/2018\/03\/FICHA-TECNICA-DEL-MANGO-e1590889246620.png 2430w, https:\/\/effur.com\/wp-content\/uploads\/2018\/03\/FICHA-TECNICA-DEL-MANGO-e1590889246620-300x286.png 300w, https:\/\/effur.com\/wp-content\/uploads\/2018\/03\/FICHA-TECNICA-DEL-MANGO-e1590889246620-768x732.png 768w, https:\/\/effur.com\/wp-content\/uploads\/2018\/03\/FICHA-TECNICA-DEL-MANGO-e1590889246620-1024x976.png 1024w\" sizes=\"(max-width: 2430px) 100vw, 2430px\" \/>\t\t\t\t\t\t\t\t\t\t\t\t\t\t\t<\/div>\n\t\t\t\t<\/div>\n\t\t\t\t\t<\/div>\n\t\t<\/div>\n\t\t\t\t\t<\/div>\n\t\t<\/section>\n\t\t\t\t<section class=\"elementor-section elementor-top-section elementor-element elementor-element-19611e42 elementor-section-boxed elementor-section-height-default elementor-section-height-default\" data-id=\"19611e42\" data-element_type=\"section\" data-e-type=\"section\" data-settings=\"{&quot;background_background&quot;:&quot;classic&quot;}\">\n\t\t\t\t\t\t<div class=\"elementor-container elementor-column-gap-default\">\n\t\t\t\t\t<div class=\"elementor-column elementor-col-33 elementor-top-column elementor-element elementor-element-4930db1\" data-id=\"4930db1\" data-element_type=\"column\" data-e-type=\"column\">\n\t\t\t<div class=\"elementor-widget-wrap elementor-element-populated\">\n\t\t\t\t\t\t<div class=\"elementor-element elementor-element-3fa197b3 elementor-widget elementor-widget-image\" data-id=\"3fa197b3\" data-element_type=\"widget\" data-e-type=\"widget\" data-widget_type=\"image.default\">\n\t\t\t\t<div class=\"elementor-widget-container\">\n\t\t\t\t\t\t\t\t\t\t\t\t\t\t\t<img fetchpriority=\"high\" decoding=\"async\" width=\"300\" height=\"267\" src=\"https:\/\/effur.com\/wp-content\/uploads\/2025\/03\/nuevo-logo-effur-300x267.png\" class=\"attachment-medium size-medium wp-image-677\" alt=\"\" srcset=\"https:\/\/effur.com\/wp-content\/uploads\/2025\/03\/nuevo-logo-effur-300x267.png 300w, https:\/\/effur.com\/wp-content\/uploads\/2025\/03\/nuevo-logo-effur-768x682.png 768w, https:\/\/effur.com\/wp-content\/uploads\/2025\/03\/nuevo-logo-effur-14x12.png 14w, https:\/\/effur.com\/wp-content\/uploads\/2025\/03\/nuevo-logo-effur.png 861w\" sizes=\"(max-width: 300px) 100vw, 300px\" \/>\t\t\t\t\t\t\t\t\t\t\t\t\t\t\t<\/div>\n\t\t\t\t<\/div>\n\t\t\t\t<div class=\"elementor-element elementor-element-745a38d6 elementor-invisible elementor-widget elementor-widget-heading\" data-id=\"745a38d6\" data-element_type=\"widget\" data-e-type=\"widget\" data-settings=\"{&quot;_animation&quot;:&quot;bounceIn&quot;}\" data-widget_type=\"heading.default\">\n\t\t\t\t<div class=\"elementor-widget-container\">\n\t\t\t\t\t<h2 class=\"elementor-heading-title elementor-size-large\"><a href=\"https:\/\/effur.com\/en\/\">Marketing and importing company DGL DE URAB\u00c1 S.A.S<\/a><\/h2>\t\t\t\t<\/div>\n\t\t\t\t<\/div>\n\t\t\t\t\t<\/div>\n\t\t<\/div>\n\t\t\t\t<div class=\"elementor-column elementor-col-66 elementor-top-column elementor-element elementor-element-555fc2b5\" data-id=\"555fc2b5\" data-element_type=\"column\" data-e-type=\"column\">\n\t\t\t<div class=\"elementor-widget-wrap elementor-element-populated\">\n\t\t\t\t\t\t<section class=\"elementor-section elementor-inner-section elementor-element elementor-element-3a992d13 elementor-section-content-middle elementor-section-boxed elementor-section-height-default elementor-section-height-default\" data-id=\"3a992d13\" data-element_type=\"section\" data-e-type=\"section\">\n\t\t\t\t\t\t<div class=\"elementor-container elementor-column-gap-default\">\n\t\t\t\t\t<div class=\"elementor-column elementor-col-50 elementor-inner-column elementor-element elementor-element-40e69494\" data-id=\"40e69494\" data-element_type=\"column\" data-e-type=\"column\">\n\t\t\t<div class=\"elementor-widget-wrap elementor-element-populated\">\n\t\t\t\t\t\t<div class=\"elementor-element elementor-element-1ab5267 elementor-view-default elementor-widget elementor-widget-icon\" data-id=\"1ab5267\" data-element_type=\"widget\" data-e-type=\"widget\" data-widget_type=\"icon.default\">\n\t\t\t\t<div class=\"elementor-widget-container\">\n\t\t\t\t\t\t\t<div class=\"elementor-icon-wrapper\">\n\t\t\t<div class=\"elementor-icon\">\n\t\t\t<i aria-hidden=\"true\" class=\"fas fa-map-marker-alt\"><\/i>\t\t\t<\/div>\n\t\t<\/div>\n\t\t\t\t\t\t<\/div>\n\t\t\t\t<\/div>\n\t\t\t\t\t<\/div>\n\t\t<\/div>\n\t\t\t\t<div class=\"elementor-column elementor-col-50 elementor-inner-column elementor-element elementor-element-3d3f791b\" data-id=\"3d3f791b\" data-element_type=\"column\" data-e-type=\"column\">\n\t\t\t<div class=\"elementor-widget-wrap elementor-element-populated\">\n\t\t\t\t\t\t<div class=\"elementor-element elementor-element-1552a424 elementor-widget elementor-widget-text-editor\" data-id=\"1552a424\" data-element_type=\"widget\" data-e-type=\"widget\" data-widget_type=\"text-editor.default\">\n\t\t\t\t<div class=\"elementor-widget-container\">\n\t\t\t\t\t\t\t\t\t<p>Apartad\u00f3 (Antioquia &#8211; Colombia)<\/p>\t\t\t\t\t\t\t\t<\/div>\n\t\t\t\t<\/div>\n\t\t\t\t<div class=\"elementor-element elementor-element-3aa2d6cc elementor-widget elementor-widget-text-editor\" data-id=\"3aa2d6cc\" data-element_type=\"widget\" data-e-type=\"widget\" data-widget_type=\"text-editor.default\">\n\t\t\t\t<div class=\"elementor-widget-container\">\n\t\t\t\t\t\t\t\t\t<p>Barrio Los Fundadores<\/p>\t\t\t\t\t\t\t\t<\/div>\n\t\t\t\t<\/div>\n\t\t\t\t<div class=\"elementor-element elementor-element-44df4077 elementor-widget elementor-widget-text-editor\" data-id=\"44df4077\" data-element_type=\"widget\" data-e-type=\"widget\" data-widget_type=\"text-editor.default\">\n\t\t\t\t<div class=\"elementor-widget-container\">\n\t\t\t\t\t\t\t\t\t<p>CR 99 N\u00b0 98-10 Of 203<\/p>\t\t\t\t\t\t\t\t<\/div>\n\t\t\t\t<\/div>\n\t\t\t\t\t<\/div>\n\t\t<\/div>\n\t\t\t\t\t<\/div>\n\t\t<\/section>\n\t\t\t\t<section class=\"elementor-section elementor-inner-section elementor-element elementor-element-5a9559d6 elementor-section-boxed elementor-section-height-default elementor-section-height-default\" data-id=\"5a9559d6\" data-element_type=\"section\" data-e-type=\"section\">\n\t\t\t\t\t\t<div class=\"elementor-container elementor-column-gap-default\">\n\t\t\t\t\t<div class=\"elementor-column elementor-col-50 elementor-inner-column elementor-element elementor-element-7457d75c\" data-id=\"7457d75c\" data-element_type=\"column\" data-e-type=\"column\">\n\t\t\t<div class=\"elementor-widget-wrap elementor-element-populated\">\n\t\t\t\t\t\t<div class=\"elementor-element elementor-element-33652708 elementor-view-default elementor-widget elementor-widget-icon\" data-id=\"33652708\" data-element_type=\"widget\" data-e-type=\"widget\" data-widget_type=\"icon.default\">\n\t\t\t\t<div class=\"elementor-widget-container\">\n\t\t\t\t\t\t\t<div class=\"elementor-icon-wrapper\">\n\t\t\t<div class=\"elementor-icon\">\n\t\t\t<i aria-hidden=\"true\" class=\"fas fa-mobile-alt\"><\/i>\t\t\t<\/div>\n\t\t<\/div>\n\t\t\t\t\t\t<\/div>\n\t\t\t\t<\/div>\n\t\t\t\t\t<\/div>\n\t\t<\/div>\n\t\t\t\t<div class=\"elementor-column elementor-col-50 elementor-inner-column elementor-element elementor-element-3dd8c6a5\" data-id=\"3dd8c6a5\" data-element_type=\"column\" data-e-type=\"column\">\n\t\t\t<div class=\"elementor-widget-wrap elementor-element-populated\">\n\t\t\t\t\t\t<div class=\"elementor-element elementor-element-5f509e7d elementor-widget elementor-widget-text-editor\" data-id=\"5f509e7d\" data-element_type=\"widget\" data-e-type=\"widget\" data-widget_type=\"text-editor.default\">\n\t\t\t\t<div class=\"elementor-widget-container\">\n\t\t\t\t\t\t\t\t\t<p>+57 316 395 7845<\/p>\t\t\t\t\t\t\t\t<\/div>\n\t\t\t\t<\/div>\n\t\t\t\t\t<\/div>\n\t\t<\/div>\n\t\t\t\t\t<\/div>\n\t\t<\/section>\n\t\t\t\t<section class=\"elementor-section elementor-inner-section elementor-element elementor-element-e83f28 elementor-section-boxed elementor-section-height-default elementor-section-height-default\" data-id=\"e83f28\" data-element_type=\"section\" data-e-type=\"section\">\n\t\t\t\t\t\t<div class=\"elementor-container elementor-column-gap-default\">\n\t\t\t\t\t<div class=\"elementor-column elementor-col-50 elementor-inner-column elementor-element elementor-element-1ae4ef7d\" data-id=\"1ae4ef7d\" data-element_type=\"column\" data-e-type=\"column\">\n\t\t\t<div class=\"elementor-widget-wrap elementor-element-populated\">\n\t\t\t\t\t\t<div class=\"elementor-element elementor-element-1cf757e4 elementor-view-default elementor-widget elementor-widget-icon\" data-id=\"1cf757e4\" data-element_type=\"widget\" data-e-type=\"widget\" data-widget_type=\"icon.default\">\n\t\t\t\t<div class=\"elementor-widget-container\">\n\t\t\t\t\t\t\t<div class=\"elementor-icon-wrapper\">\n\t\t\t<div class=\"elementor-icon\">\n\t\t\t<i aria-hidden=\"true\" class=\"fas fa-envelope\"><\/i>\t\t\t<\/div>\n\t\t<\/div>\n\t\t\t\t\t\t<\/div>\n\t\t\t\t<\/div>\n\t\t\t\t\t<\/div>\n\t\t<\/div>\n\t\t\t\t<div class=\"elementor-column elementor-col-50 elementor-inner-column elementor-element elementor-element-21a9f06b\" data-id=\"21a9f06b\" data-element_type=\"column\" data-e-type=\"column\">\n\t\t\t<div class=\"elementor-widget-wrap elementor-element-populated\">\n\t\t\t\t\t\t<div class=\"elementor-element elementor-element-34122b0b elementor-widget elementor-widget-text-editor\" data-id=\"34122b0b\" data-element_type=\"widget\" data-e-type=\"widget\" data-widget_type=\"text-editor.default\">\n\t\t\t\t<div class=\"elementor-widget-container\">\n\t\t\t\t\t\t\t\t\t<p>gerencia@effur.com<\/p>\t\t\t\t\t\t\t\t<\/div>\n\t\t\t\t<\/div>\n\t\t\t\t\t<\/div>\n\t\t<\/div>\n\t\t\t\t\t<\/div>\n\t\t<\/section>\n\t\t\t\t\t<\/div>\n\t\t<\/div>\n\t\t\t\t\t<\/div>\n\t\t<\/section>\n\t\t\t\t<\/div>","protected":false},"excerpt":{"rendered":"<p>Comercializadora e importadora DGL DE URAB\u00c1 S.A.S Comercializadora e importadora DGL DE URAB\u00c1 S.A.S Apartad\u00f3 (Antioquia &#8211; Colombia) Barrio Los Fundadores CR 99 N\u00b0 98-10 Of 203 +57 316 395 7845 gerencia@effur.com<\/p>","protected":false},"author":1,"featured_media":0,"parent":0,"menu_order":0,"comment_status":"closed","ping_status":"closed","template":"elementor_canvas","meta":{"footnotes":""},"class_list":["post-247","page","type-page","status-publish","hentry"],"_links":{"self":[{"href":"https:\/\/effur.com\/en\/wp-json\/wp\/v2\/pages\/247","targetHints":{"allow":["GET"]}}],"collection":[{"href":"https:\/\/effur.com\/en\/wp-json\/wp\/v2\/pages"}],"about":[{"href":"https:\/\/effur.com\/en\/wp-json\/wp\/v2\/types\/page"}],"author":[{"embeddable":true,"href":"https:\/\/effur.com\/en\/wp-json\/wp\/v2\/users\/1"}],"replies":[{"embeddable":true,"href":"https:\/\/effur.com\/en\/wp-json\/wp\/v2\/comments?post=247"}],"version-history":[{"count":23,"href":"https:\/\/effur.com\/en\/wp-json\/wp\/v2\/pages\/247\/revisions"}],"predecessor-version":[{"id":908,"href":"https:\/\/effur.com\/en\/wp-json\/wp\/v2\/pages\/247\/revisions\/908"}],"wp:attachment":[{"href":"https:\/\/effur.com\/en\/wp-json\/wp\/v2\/media?parent=247"}],"curies":[{"name":"wp","href":"https:\/\/api.w.org\/{rel}","templated":true}]}}