{"id":528,"date":"2023-02-02T05:17:50","date_gmt":"2023-02-02T05:17:50","guid":{"rendered":"https:\/\/effur.com\/?page_id=528"},"modified":"2025-03-30T18:45:14","modified_gmt":"2025-03-30T18:45:14","slug":"ficha-tecnica-carbon-vegetal","status":"publish","type":"page","link":"https:\/\/effur.com\/en\/ficha-tecnica-carbon-vegetal\/","title":{"rendered":"TECHNICAL DATA SHEET CHARCOAL"},"content":{"rendered":"<div data-elementor-type=\"wp-page\" data-elementor-id=\"528\" class=\"elementor elementor-528\" data-elementor-post-type=\"page\">\n\t\t\t\t\t\t<section class=\"elementor-section elementor-top-section elementor-element elementor-element-35d5a5fd elementor-section-full_width elementor-section-height-default elementor-section-height-default\" data-id=\"35d5a5fd\" data-element_type=\"section\" data-e-type=\"section\" data-settings=\"{&quot;background_background&quot;:&quot;classic&quot;}\">\n\t\t\t\t\t\t<div class=\"elementor-container elementor-column-gap-default\">\n\t\t\t\t\t<div class=\"elementor-column elementor-col-100 elementor-top-column elementor-element elementor-element-6600a892\" data-id=\"6600a892\" data-element_type=\"column\" data-e-type=\"column\">\n\t\t\t<div class=\"elementor-widget-wrap elementor-element-populated\">\n\t\t\t\t\t\t<div class=\"elementor-element elementor-element-2e87d093 elementor-invisible elementor-widget elementor-widget-image\" data-id=\"2e87d093\" data-element_type=\"widget\" data-e-type=\"widget\" data-settings=\"{&quot;_animation&quot;:&quot;bounceIn&quot;}\" data-widget_type=\"image.default\">\n\t\t\t\t<div class=\"elementor-widget-container\">\n\t\t\t\t\t\t\t\t\t\t\t\t\t\t\t\t<a href=\"https:\/\/effur.com\/en\/\">\n\t\t\t\t\t\t\t<img fetchpriority=\"high\" decoding=\"async\" width=\"300\" height=\"267\" src=\"https:\/\/effur.com\/wp-content\/uploads\/2025\/03\/nuevo-logo-effur-300x267.png\" class=\"attachment-medium size-medium wp-image-677\" alt=\"\" srcset=\"https:\/\/effur.com\/wp-content\/uploads\/2025\/03\/nuevo-logo-effur-300x267.png 300w, https:\/\/effur.com\/wp-content\/uploads\/2025\/03\/nuevo-logo-effur-768x682.png 768w, https:\/\/effur.com\/wp-content\/uploads\/2025\/03\/nuevo-logo-effur-14x12.png 14w, https:\/\/effur.com\/wp-content\/uploads\/2025\/03\/nuevo-logo-effur.png 861w\" sizes=\"(max-width: 300px) 100vw, 300px\" \/>\t\t\t\t\t\t\t\t<\/a>\n\t\t\t\t\t\t\t\t\t\t\t\t\t\t\t<\/div>\n\t\t\t\t<\/div>\n\t\t\t\t<div class=\"elementor-element elementor-element-1ba50ff1 elementor-invisible elementor-widget elementor-widget-heading\" data-id=\"1ba50ff1\" data-element_type=\"widget\" data-e-type=\"widget\" data-settings=\"{&quot;_animation&quot;:&quot;bounceIn&quot;}\" data-widget_type=\"heading.default\">\n\t\t\t\t<div class=\"elementor-widget-container\">\n\t\t\t\t\t<h2 class=\"elementor-heading-title elementor-size-large\"><a href=\"https:\/\/effur.com\/en\/\">Marketing and importing company DGL DE URAB\u00c1 S.A.S<\/a><\/h2>\t\t\t\t<\/div>\n\t\t\t\t<\/div>\n\t\t\t\t\t<\/div>\n\t\t<\/div>\n\t\t\t\t\t<\/div>\n\t\t<\/section>\n\t\t\t\t<section class=\"elementor-section elementor-top-section elementor-element elementor-element-13c5d74a elementor-section-boxed elementor-section-height-default elementor-section-height-default\" data-id=\"13c5d74a\" data-element_type=\"section\" data-e-type=\"section\">\n\t\t\t\t\t\t<div class=\"elementor-container elementor-column-gap-default\">\n\t\t\t\t\t<div class=\"elementor-column elementor-col-100 elementor-top-column elementor-element elementor-element-75332365\" data-id=\"75332365\" data-element_type=\"column\" data-e-type=\"column\">\n\t\t\t<div class=\"elementor-widget-wrap elementor-element-populated\">\n\t\t\t\t\t\t<div class=\"elementor-element elementor-element-3d2cf08 elementor-nav-menu__align-justify elementor-nav-menu--dropdown-tablet elementor-nav-menu__text-align-aside elementor-nav-menu--toggle elementor-nav-menu--burger elementor-widget elementor-widget-nav-menu\" data-id=\"3d2cf08\" data-element_type=\"widget\" data-e-type=\"widget\" data-settings=\"{&quot;layout&quot;:&quot;horizontal&quot;,&quot;submenu_icon&quot;:{&quot;value&quot;:&quot;&lt;i class=\\&quot;fas fa-caret-down\\&quot;&gt;&lt;\\\/i&gt;&quot;,&quot;library&quot;:&quot;fa-solid&quot;},&quot;toggle&quot;:&quot;burger&quot;}\" data-widget_type=\"nav-menu.default\">\n\t\t\t\t<div class=\"elementor-widget-container\">\n\t\t\t\t\t\t\t\t<nav aria-label=\"Menu\" class=\"elementor-nav-menu--main elementor-nav-menu__container elementor-nav-menu--layout-horizontal e--pointer-underline e--animation-fade\">\n\t\t\t\t<ul id=\"menu-1-3d2cf08\" class=\"elementor-nav-menu\"><li class=\"menu-item menu-item-type-post_type menu-item-object-page menu-item-home menu-item-32\"><a href=\"https:\/\/effur.com\/en\/\" class=\"elementor-item\">M.I. EFFUR S.A.S - HOME<\/a><\/li>\n<li class=\"menu-item menu-item-type-post_type menu-item-object-page menu-item-31\"><a href=\"https:\/\/effur.com\/en\/quienes-somos\/\" class=\"elementor-item\">ABOUT US<\/a><\/li>\n<li class=\"menu-item menu-item-type-post_type menu-item-object-page menu-item-30\"><a href=\"https:\/\/effur.com\/en\/nuestro-producto\/\" class=\"elementor-item\">PRODUCT<\/a><\/li>\n<li class=\"menu-item menu-item-type-post_type menu-item-object-page menu-item-29\"><a href=\"https:\/\/effur.com\/en\/servicio\/\" class=\"elementor-item\">SERVICE<\/a><\/li>\n<li class=\"menu-item menu-item-type-post_type menu-item-object-page menu-item-28\"><a href=\"https:\/\/effur.com\/en\/contacto\/\" class=\"elementor-item\">CONTACT<\/a><\/li>\n<\/ul>\t\t\t<\/nav>\n\t\t\t\t\t<div class=\"elementor-menu-toggle\" role=\"button\" tabindex=\"0\" aria-label=\"Menu Toggle\" aria-expanded=\"false\">\n\t\t\t<i aria-hidden=\"true\" role=\"presentation\" class=\"elementor-menu-toggle__icon--open eicon-menu-bar\"><\/i><i aria-hidden=\"true\" role=\"presentation\" class=\"elementor-menu-toggle__icon--close eicon-close\"><\/i>\t\t<\/div>\n\t\t\t\t\t<nav class=\"elementor-nav-menu--dropdown elementor-nav-menu__container\" aria-hidden=\"true\">\n\t\t\t\t<ul id=\"menu-2-3d2cf08\" class=\"elementor-nav-menu\"><li class=\"menu-item menu-item-type-post_type menu-item-object-page menu-item-home menu-item-32\"><a href=\"https:\/\/effur.com\/en\/\" class=\"elementor-item\" tabindex=\"-1\">M.I. EFFUR S.A.S - HOME<\/a><\/li>\n<li class=\"menu-item menu-item-type-post_type menu-item-object-page menu-item-31\"><a href=\"https:\/\/effur.com\/en\/quienes-somos\/\" class=\"elementor-item\" tabindex=\"-1\">ABOUT US<\/a><\/li>\n<li class=\"menu-item menu-item-type-post_type menu-item-object-page menu-item-30\"><a href=\"https:\/\/effur.com\/en\/nuestro-producto\/\" class=\"elementor-item\" tabindex=\"-1\">PRODUCT<\/a><\/li>\n<li class=\"menu-item menu-item-type-post_type menu-item-object-page menu-item-29\"><a href=\"https:\/\/effur.com\/en\/servicio\/\" class=\"elementor-item\" tabindex=\"-1\">SERVICE<\/a><\/li>\n<li class=\"menu-item menu-item-type-post_type menu-item-object-page menu-item-28\"><a href=\"https:\/\/effur.com\/en\/contacto\/\" class=\"elementor-item\" tabindex=\"-1\">CONTACT<\/a><\/li>\n<\/ul>\t\t\t<\/nav>\n\t\t\t\t\t\t<\/div>\n\t\t\t\t<\/div>\n\t\t\t\t\t<\/div>\n\t\t<\/div>\n\t\t\t\t\t<\/div>\n\t\t<\/section>\n\t\t\t\t<section class=\"elementor-section elementor-top-section elementor-element elementor-element-53b45ac8 elementor-section-boxed elementor-section-height-default elementor-section-height-default\" data-id=\"53b45ac8\" data-element_type=\"section\" data-e-type=\"section\">\n\t\t\t\t\t\t<div class=\"elementor-container elementor-column-gap-default\">\n\t\t\t\t\t<div class=\"elementor-column elementor-col-100 elementor-top-column elementor-element elementor-element-264cea8e\" data-id=\"264cea8e\" data-element_type=\"column\" data-e-type=\"column\">\n\t\t\t<div class=\"elementor-widget-wrap elementor-element-populated\">\n\t\t\t\t\t\t<div class=\"elementor-element elementor-element-43b8207 elementor-widget elementor-widget-html\" data-id=\"43b8207\" data-element_type=\"widget\" data-e-type=\"widget\" data-widget_type=\"html.default\">\n\t\t\t\t<div class=\"elementor-widget-container\">\n\t\t\t\t\t<table style=\"width:100%; background-color:black;\">\r\n  <tr>\r\n    <td style=\"color:orange; font-size:50px; text-align:center;\">TECHNICAL DATA SHEET CHARCOAL<\/td>\r\n  <\/tr>\r\n<\/table>\t\t\t\t<\/div>\n\t\t\t\t<\/div>\n\t\t\t\t<div class=\"elementor-element elementor-element-7f150d0 elementor-arrows-position-inside elementor-pagination-position-outside elementor-widget elementor-widget-image-carousel\" data-id=\"7f150d0\" data-element_type=\"widget\" data-e-type=\"widget\" data-settings=\"{&quot;navigation&quot;:&quot;both&quot;,&quot;autoplay&quot;:&quot;yes&quot;,&quot;pause_on_hover&quot;:&quot;yes&quot;,&quot;pause_on_interaction&quot;:&quot;yes&quot;,&quot;autoplay_speed&quot;:5000,&quot;infinite&quot;:&quot;yes&quot;,&quot;speed&quot;:500}\" data-widget_type=\"image-carousel.default\">\n\t\t\t\t<div class=\"elementor-widget-container\">\n\t\t\t\t\t\t\t<div class=\"elementor-image-carousel-wrapper swiper\" role=\"region\" aria-roledescription=\"carousel\" aria-label=\"Carrusel de im\u00e1genes\" dir=\"ltr\">\n\t\t\t<div class=\"elementor-image-carousel swiper-wrapper\" aria-live=\"off\">\n\t\t\t\t\t\t\t\t<div class=\"swiper-slide\" role=\"group\" aria-roledescription=\"slide\" aria-label=\"1 of 3\" data-no-translation-aria-label=\"\"><figure class=\"swiper-slide-inner\"><img decoding=\"async\" class=\"swiper-slide-image\" src=\"https:\/\/effur.com\/wp-content\/uploads\/2023\/02\/CV2-150x150.jpeg\" alt=\"CV2\" \/><\/figure><\/div><div class=\"swiper-slide\" role=\"group\" aria-roledescription=\"slide\" aria-label=\"2 of 3\" data-no-translation-aria-label=\"\"><figure class=\"swiper-slide-inner\"><img decoding=\"async\" class=\"swiper-slide-image\" src=\"https:\/\/effur.com\/wp-content\/uploads\/2023\/02\/CV1-150x150.jpeg\" alt=\"CV1\" \/><\/figure><\/div><div class=\"swiper-slide\" role=\"group\" aria-roledescription=\"slide\" aria-label=\"3 of 3\" data-no-translation-aria-label=\"\"><figure class=\"swiper-slide-inner\"><img decoding=\"async\" class=\"swiper-slide-image\" src=\"https:\/\/effur.com\/wp-content\/uploads\/2023\/02\/CARBON-VEGETAL-150x150.jpeg\" alt=\"CARBON VEGETAL\" \/><\/figure><\/div>\t\t\t<\/div>\n\t\t\t\t\t\t\t\t\t\t\t\t<div class=\"elementor-swiper-button elementor-swiper-button-prev\" role=\"button\" tabindex=\"0\">\n\t\t\t\t\t\t<i aria-hidden=\"true\" class=\"eicon-chevron-left\"><\/i>\t\t\t\t\t<\/div>\n\t\t\t\t\t<div class=\"elementor-swiper-button elementor-swiper-button-next\" role=\"button\" tabindex=\"0\">\n\t\t\t\t\t\t<i aria-hidden=\"true\" class=\"eicon-chevron-right\"><\/i>\t\t\t\t\t<\/div>\n\t\t\t\t\n\t\t\t\t\t\t\t\t\t<div class=\"swiper-pagination\"><\/div>\n\t\t\t\t\t\t\t\t\t<\/div>\n\t\t\t\t\t\t<\/div>\n\t\t\t\t<\/div>\n\t\t\t\t\t<\/div>\n\t\t<\/div>\n\t\t\t\t\t<\/div>\n\t\t<\/section>\n\t\t\t\t<section class=\"elementor-section elementor-top-section elementor-element elementor-element-f93ca6d elementor-section-boxed elementor-section-height-default elementor-section-height-default\" data-id=\"f93ca6d\" data-element_type=\"section\" data-e-type=\"section\">\n\t\t\t\t\t\t<div class=\"elementor-container elementor-column-gap-default\">\n\t\t\t\t\t<div class=\"elementor-column elementor-col-100 elementor-top-column elementor-element elementor-element-e26b69d\" data-id=\"e26b69d\" data-element_type=\"column\" data-e-type=\"column\">\n\t\t\t<div class=\"elementor-widget-wrap elementor-element-populated\">\n\t\t\t\t\t\t<div class=\"elementor-element elementor-element-53dd669 elementor-widget elementor-widget-html\" data-id=\"53dd669\" data-element_type=\"widget\" data-e-type=\"widget\" data-widget_type=\"html.default\">\n\t\t\t\t<div class=\"elementor-widget-container\">\n\t\t\t\t\t<h3 style=\"color: darkorange; text-align: center; font-weight: bold;\">DESCRIPTION<\/h3>\r\n<p style=\"color: black;\">Solid, blackish-colored, fragile and porous fuel material with a high carbon content.\nIt is produced by heating, in the absence of air, wood and vegetable residues, handmade, which sometimes causes the grain size to vary.<\/p>\r\n\r\n<h3 style=\"color: darkorange; text-align: center; font-weight: bold;\">USES<\/h3>\r\n<p style=\"color: black;\">- Fuel for conventional ovens, roasts, barbecues and grills.<\/p>\r\n\r\n<h3 style=\"color: darkorange; text-align: center; font-weight: bold;\">INSTRUCTIONS FOR USE<\/h3>\r\n<p style=\"color: black;\">- Ignite the charcoal according to the instructions indicated on the package of the ignition tablets.\n- Do not use gasoline or alcohol.\n- After about three minutes, fill the barbecue with charcoal.\n- Start barbecuing when the charcoal burns evenly and there is a layer of ash on the charcoal, the process can be accelerated by a bellows or similar.<\/p>\r\n\r\n<h3 style=\"color: darkorange; text-align: center; font-weight: bold;\">PERFORMANCE<\/h3>\r\n<p style=\"color: black;\">Calorific value ranges from 29,000 to 35,000 kj\/kg.\nCalorific value of 0.07 Kcal.\/mh\u00b0C.<\/p>\r\n\r\n<h3 style=\"color: darkorange; text-align: center; font-weight: bold;\">STORAGE<\/h3>\r\n<p style=\"color: black;\">Store between 5 and 40 \u00b0C away from direct sunlight. Do not store more than 18 months. \nFlammable product. Store away from sources of heat or sparks in original containers properly covered.\nKeep out of reach of children.<\/p>\r\n<h3 style=\"color: darkorange; text-align: center; font-weight: bold;\">PHYSICAL AND CHEMICAL PROPERTIES<\/h3>\r\n<table border=\"1\" cellspacing=\"0\" style=\"background-color: orange; color: white; text-align: center; font-weight: bold;\">\r\n  <tr>\r\n    <td>Parameter<\/td>\r\n    <td>Unit<\/td>\r\n    <td>Specification<\/td>\r\n  <\/tr>\r\n  <tr>\r\n    <td style=\"background-color: white; color: black; text-align: center;\">Descripci\u00f3n<\/td>\r\n    <td style=\"background-color: white; color: black; text-align: center;\">-<\/td>\r\n    <td style=\"background-color: white; color: black; text-align: center;\">Solid, brittle and porous material with a high carbon content (of the order of 80%).<\/td>\r\n  <\/tr>\r\n  <tr>\r\n    <td style=\"background-color: white; color: black; text-align: center;\">Appearance<\/td>\r\n    <td style=\"background-color: white; color: black; text-align: center;\">-<\/td>\r\n    <td style=\"background-color: white; color: black; text-align: center;\">Dark color almost black<\/td>\r\n  <\/tr>\r\n  <tr>\r\n    <td style=\"background-color: white; color: black; text-align: center;\">Odor<\/td>\r\n    <td style=\"background-color: white; color: black; text-align: center;\">-<\/td>\r\n    <td style=\"background-color: white; color: black; text-align: center;\">Residual smoke odor<\/td>\r\n  <\/tr>\r\n  <tr>\r\n    <td style=\"background-color: white; color: black; text-align: center;\">Granulometry<\/td>\r\n    <td style=\"background-color: white; color: black; text-align: center;\">mm<\/td>\r\n    <td style=\"background-color: white; color: black; text-align: center;\">15 - 100<\/td>\r\n  <\/tr>\r\n  <tr>\r\n    <td style=\"background-color: white; color: black; text-align: center;\">Density<\/td>\r\n    <td style=\"background-color: white; color: black; text-align: center;\">Kg\/m3<\/td>\r\n    <td style=\"background-color: white; color: black; text-align: center;\">1500<\/td>\r\n  <\/tr>\r\n  <tr>\r\n    <td style=\"background-color: white; color: black; text-align: center;\">Volatile matter<\/td>\r\n    <td style=\"background-color: white; color: black; text-align: center;\">%<\/td>\r\n    <td style=\"background-color: white; color: black; text-align: center;\">11,00 - 25,00<\/td>\r\n  <\/tr>\r\n  <tr>\r\n    <td style=\"background-color: white; color: black; text-align: center;\">Cenizas<\/td>\r\n    <td style=\"background-color: white; color: black; text-align: center;\">%<\/td>\r\n    <td style=\"background-color: white; color: black; text-align: center;\">1,00 - 3,50<\/td>\r\n  <\/tr>\r\n<\/table>\t\t\t\t<\/div>\n\t\t\t\t<\/div>\n\t\t\t\t\t<\/div>\n\t\t<\/div>\n\t\t\t\t\t<\/div>\n\t\t<\/section>\n\t\t\t\t<section class=\"elementor-section elementor-top-section elementor-element elementor-element-13521dc7 elementor-section-boxed elementor-section-height-default elementor-section-height-default\" data-id=\"13521dc7\" data-element_type=\"section\" data-e-type=\"section\" data-settings=\"{&quot;background_background&quot;:&quot;classic&quot;}\">\n\t\t\t\t\t\t<div class=\"elementor-container elementor-column-gap-default\">\n\t\t\t\t\t<div class=\"elementor-column elementor-col-33 elementor-top-column elementor-element elementor-element-5c3df1ac\" data-id=\"5c3df1ac\" data-element_type=\"column\" data-e-type=\"column\">\n\t\t\t<div class=\"elementor-widget-wrap elementor-element-populated\">\n\t\t\t\t\t\t<div class=\"elementor-element elementor-element-f45e0a6 elementor-widget elementor-widget-image\" data-id=\"f45e0a6\" data-element_type=\"widget\" data-e-type=\"widget\" data-widget_type=\"image.default\">\n\t\t\t\t<div class=\"elementor-widget-container\">\n\t\t\t\t\t\t\t\t\t\t\t\t\t\t\t<img fetchpriority=\"high\" decoding=\"async\" width=\"300\" height=\"267\" src=\"https:\/\/effur.com\/wp-content\/uploads\/2025\/03\/nuevo-logo-effur-300x267.png\" class=\"attachment-medium size-medium wp-image-677\" alt=\"\" srcset=\"https:\/\/effur.com\/wp-content\/uploads\/2025\/03\/nuevo-logo-effur-300x267.png 300w, https:\/\/effur.com\/wp-content\/uploads\/2025\/03\/nuevo-logo-effur-768x682.png 768w, https:\/\/effur.com\/wp-content\/uploads\/2025\/03\/nuevo-logo-effur-14x12.png 14w, https:\/\/effur.com\/wp-content\/uploads\/2025\/03\/nuevo-logo-effur.png 861w\" sizes=\"(max-width: 300px) 100vw, 300px\" \/>\t\t\t\t\t\t\t\t\t\t\t\t\t\t\t<\/div>\n\t\t\t\t<\/div>\n\t\t\t\t<div class=\"elementor-element elementor-element-1c9c0788 elementor-invisible elementor-widget elementor-widget-heading\" data-id=\"1c9c0788\" data-element_type=\"widget\" data-e-type=\"widget\" data-settings=\"{&quot;_animation&quot;:&quot;bounceIn&quot;}\" data-widget_type=\"heading.default\">\n\t\t\t\t<div class=\"elementor-widget-container\">\n\t\t\t\t\t<h2 class=\"elementor-heading-title elementor-size-large\"><a href=\"https:\/\/effur.com\/en\/\">Marketing and importing company DGL DE URAB\u00c1 S.A.S<\/a><\/h2>\t\t\t\t<\/div>\n\t\t\t\t<\/div>\n\t\t\t\t\t<\/div>\n\t\t<\/div>\n\t\t\t\t<div class=\"elementor-column elementor-col-66 elementor-top-column elementor-element elementor-element-3a0230fc\" data-id=\"3a0230fc\" data-element_type=\"column\" data-e-type=\"column\">\n\t\t\t<div class=\"elementor-widget-wrap elementor-element-populated\">\n\t\t\t\t\t\t<section class=\"elementor-section elementor-inner-section elementor-element elementor-element-7a2dec9a elementor-section-content-middle elementor-section-boxed elementor-section-height-default elementor-section-height-default\" data-id=\"7a2dec9a\" data-element_type=\"section\" data-e-type=\"section\">\n\t\t\t\t\t\t<div class=\"elementor-container elementor-column-gap-default\">\n\t\t\t\t\t<div class=\"elementor-column elementor-col-50 elementor-inner-column elementor-element elementor-element-53b57eb7\" data-id=\"53b57eb7\" data-element_type=\"column\" data-e-type=\"column\">\n\t\t\t<div class=\"elementor-widget-wrap elementor-element-populated\">\n\t\t\t\t\t\t<div class=\"elementor-element elementor-element-22ab35a6 elementor-view-default elementor-widget elementor-widget-icon\" data-id=\"22ab35a6\" data-element_type=\"widget\" data-e-type=\"widget\" data-widget_type=\"icon.default\">\n\t\t\t\t<div class=\"elementor-widget-container\">\n\t\t\t\t\t\t\t<div class=\"elementor-icon-wrapper\">\n\t\t\t<div class=\"elementor-icon\">\n\t\t\t<i aria-hidden=\"true\" class=\"fas fa-map-marker-alt\"><\/i>\t\t\t<\/div>\n\t\t<\/div>\n\t\t\t\t\t\t<\/div>\n\t\t\t\t<\/div>\n\t\t\t\t\t<\/div>\n\t\t<\/div>\n\t\t\t\t<div class=\"elementor-column elementor-col-50 elementor-inner-column elementor-element elementor-element-7e68369b\" data-id=\"7e68369b\" data-element_type=\"column\" data-e-type=\"column\">\n\t\t\t<div class=\"elementor-widget-wrap elementor-element-populated\">\n\t\t\t\t\t\t<div class=\"elementor-element elementor-element-8b07202 elementor-widget elementor-widget-text-editor\" data-id=\"8b07202\" data-element_type=\"widget\" data-e-type=\"widget\" data-widget_type=\"text-editor.default\">\n\t\t\t\t<div class=\"elementor-widget-container\">\n\t\t\t\t\t\t\t\t\t<p>Apartad\u00f3 (Antioquia &#8211; Colombia)<\/p>\t\t\t\t\t\t\t\t<\/div>\n\t\t\t\t<\/div>\n\t\t\t\t<div class=\"elementor-element elementor-element-3fc9679 elementor-widget elementor-widget-text-editor\" data-id=\"3fc9679\" data-element_type=\"widget\" data-e-type=\"widget\" data-widget_type=\"text-editor.default\">\n\t\t\t\t<div class=\"elementor-widget-container\">\n\t\t\t\t\t\t\t\t\t<p>Barrio Los Fundadores<\/p>\t\t\t\t\t\t\t\t<\/div>\n\t\t\t\t<\/div>\n\t\t\t\t<div class=\"elementor-element elementor-element-71b28c5d elementor-widget elementor-widget-text-editor\" data-id=\"71b28c5d\" data-element_type=\"widget\" data-e-type=\"widget\" data-widget_type=\"text-editor.default\">\n\t\t\t\t<div class=\"elementor-widget-container\">\n\t\t\t\t\t\t\t\t\t<p>CR 99 N\u00b0 98-10 Of 203<\/p>\t\t\t\t\t\t\t\t<\/div>\n\t\t\t\t<\/div>\n\t\t\t\t\t<\/div>\n\t\t<\/div>\n\t\t\t\t\t<\/div>\n\t\t<\/section>\n\t\t\t\t<section class=\"elementor-section elementor-inner-section elementor-element elementor-element-225573eb elementor-section-boxed elementor-section-height-default elementor-section-height-default\" data-id=\"225573eb\" data-element_type=\"section\" data-e-type=\"section\">\n\t\t\t\t\t\t<div class=\"elementor-container elementor-column-gap-default\">\n\t\t\t\t\t<div class=\"elementor-column elementor-col-50 elementor-inner-column elementor-element elementor-element-657e2c35\" data-id=\"657e2c35\" data-element_type=\"column\" data-e-type=\"column\">\n\t\t\t<div class=\"elementor-widget-wrap elementor-element-populated\">\n\t\t\t\t\t\t<div class=\"elementor-element elementor-element-6b5f3c1a elementor-view-default elementor-widget elementor-widget-icon\" data-id=\"6b5f3c1a\" data-element_type=\"widget\" data-e-type=\"widget\" data-widget_type=\"icon.default\">\n\t\t\t\t<div class=\"elementor-widget-container\">\n\t\t\t\t\t\t\t<div class=\"elementor-icon-wrapper\">\n\t\t\t<div class=\"elementor-icon\">\n\t\t\t<i aria-hidden=\"true\" class=\"fas fa-mobile-alt\"><\/i>\t\t\t<\/div>\n\t\t<\/div>\n\t\t\t\t\t\t<\/div>\n\t\t\t\t<\/div>\n\t\t\t\t\t<\/div>\n\t\t<\/div>\n\t\t\t\t<div class=\"elementor-column elementor-col-50 elementor-inner-column elementor-element elementor-element-32954cbd\" data-id=\"32954cbd\" data-element_type=\"column\" data-e-type=\"column\">\n\t\t\t<div class=\"elementor-widget-wrap elementor-element-populated\">\n\t\t\t\t\t\t<div class=\"elementor-element elementor-element-760f80f6 elementor-widget elementor-widget-text-editor\" data-id=\"760f80f6\" data-element_type=\"widget\" data-e-type=\"widget\" data-widget_type=\"text-editor.default\">\n\t\t\t\t<div class=\"elementor-widget-container\">\n\t\t\t\t\t\t\t\t\t<p>+57 316 395 7845<\/p>\t\t\t\t\t\t\t\t<\/div>\n\t\t\t\t<\/div>\n\t\t\t\t\t<\/div>\n\t\t<\/div>\n\t\t\t\t\t<\/div>\n\t\t<\/section>\n\t\t\t\t<section class=\"elementor-section elementor-inner-section elementor-element elementor-element-7366a306 elementor-section-boxed elementor-section-height-default elementor-section-height-default\" data-id=\"7366a306\" data-element_type=\"section\" data-e-type=\"section\">\n\t\t\t\t\t\t<div class=\"elementor-container elementor-column-gap-default\">\n\t\t\t\t\t<div class=\"elementor-column elementor-col-50 elementor-inner-column elementor-element elementor-element-43d28cdf\" data-id=\"43d28cdf\" data-element_type=\"column\" data-e-type=\"column\">\n\t\t\t<div class=\"elementor-widget-wrap elementor-element-populated\">\n\t\t\t\t\t\t<div class=\"elementor-element elementor-element-5ac0bedd elementor-view-default elementor-widget elementor-widget-icon\" data-id=\"5ac0bedd\" data-element_type=\"widget\" data-e-type=\"widget\" data-widget_type=\"icon.default\">\n\t\t\t\t<div class=\"elementor-widget-container\">\n\t\t\t\t\t\t\t<div class=\"elementor-icon-wrapper\">\n\t\t\t<div class=\"elementor-icon\">\n\t\t\t<i aria-hidden=\"true\" class=\"fas fa-envelope\"><\/i>\t\t\t<\/div>\n\t\t<\/div>\n\t\t\t\t\t\t<\/div>\n\t\t\t\t<\/div>\n\t\t\t\t\t<\/div>\n\t\t<\/div>\n\t\t\t\t<div class=\"elementor-column elementor-col-50 elementor-inner-column elementor-element elementor-element-44f6a0c2\" data-id=\"44f6a0c2\" data-element_type=\"column\" data-e-type=\"column\">\n\t\t\t<div class=\"elementor-widget-wrap elementor-element-populated\">\n\t\t\t\t\t\t<div class=\"elementor-element elementor-element-f7681b4 elementor-widget elementor-widget-text-editor\" data-id=\"f7681b4\" data-element_type=\"widget\" data-e-type=\"widget\" data-widget_type=\"text-editor.default\">\n\t\t\t\t<div class=\"elementor-widget-container\">\n\t\t\t\t\t\t\t\t\t<p>gerencia@effur.com<\/p>\t\t\t\t\t\t\t\t<\/div>\n\t\t\t\t<\/div>\n\t\t\t\t\t<\/div>\n\t\t<\/div>\n\t\t\t\t\t<\/div>\n\t\t<\/section>\n\t\t\t\t\t<\/div>\n\t\t<\/div>\n\t\t\t\t\t<\/div>\n\t\t<\/section>\n\t\t\t\t<\/div>","protected":false},"excerpt":{"rendered":"<p>Comercializadora e importadora DGL DE URAB\u00c1 S.A.S FICHA T\u00c9CNICA CARB\u00d3N VEGETAL DESCRIPCI\u00d3N Material combustible s\u00f3lido de color negruzco, fr\u00e1gil y de composici\u00f3n porosa con un alto contenido en carbono. Se produce por calentamiento en ausencia de aire, de madera y <a href=\"https:\/\/effur.com\/en\/ficha-tecnica-carbon-vegetal\/\"><\/p>\n<div class=\"read-more\">\n<p>Read more &#8250;<\/p>\n<\/div>\n<p><!-- end of .read-more --><\/a><\/p>","protected":false},"author":1,"featured_media":0,"parent":0,"menu_order":0,"comment_status":"closed","ping_status":"closed","template":"elementor_canvas","meta":{"footnotes":""},"class_list":["post-528","page","type-page","status-publish","hentry"],"_links":{"self":[{"href":"https:\/\/effur.com\/en\/wp-json\/wp\/v2\/pages\/528","targetHints":{"allow":["GET"]}}],"collection":[{"href":"https:\/\/effur.com\/en\/wp-json\/wp\/v2\/pages"}],"about":[{"href":"https:\/\/effur.com\/en\/wp-json\/wp\/v2\/types\/page"}],"author":[{"embeddable":true,"href":"https:\/\/effur.com\/en\/wp-json\/wp\/v2\/users\/1"}],"replies":[{"embeddable":true,"href":"https:\/\/effur.com\/en\/wp-json\/wp\/v2\/comments?post=528"}],"version-history":[{"count":31,"href":"https:\/\/effur.com\/en\/wp-json\/wp\/v2\/pages\/528\/revisions"}],"predecessor-version":[{"id":888,"href":"https:\/\/effur.com\/en\/wp-json\/wp\/v2\/pages\/528\/revisions\/888"}],"wp:attachment":[{"href":"https:\/\/effur.com\/en\/wp-json\/wp\/v2\/media?parent=528"}],"curies":[{"name":"wp","href":"https:\/\/api.w.org\/{rel}","templated":true}]}}